{"id":12,"date":"2020-12-02T17:42:59","date_gmt":"2020-12-02T17:42:59","guid":{"rendered":"https:\/\/www.carlesbrotons.com\/?page_id=12"},"modified":"2020-12-07T19:47:49","modified_gmt":"2020-12-07T19:47:49","slug":"una-seccion-de-la-pagina-de-inicio","status":"publish","type":"page","link":"https:\/\/www.carlesbrotons.com\/index.php\/una-seccion-de-la-pagina-de-inicio\/","title":{"rendered":"Sobre m\u00ed"},"content":{"rendered":"\n<p>Mis primeros recuerdos de viaje se remontan a mi ciudad natal, Barcelona, a la tierna edad de ocho a\u00f1os, en el viejo cochecito familiar con mis padres y mi hermano. La emoci\u00f3n de ver a mi madre preparando el equipaje, o a mi padre consultando mapas de carreteras la v\u00edspera de la salida. La emoci\u00f3n del madrug\u00f3n para montarnos en el coche antes del amanecer, para evitar las horas de calor durante el d\u00eda, en aquel diminuto Seat sin aire acondicionado. Recuerdo la sensaci\u00f3n de mi rostro pegado a la ventanilla viendo pasar la cinta de asfalto, recorriendo carreteras de la Espa\u00f1a de los a\u00f1os 70. Cuando cumpl\u00ed los 18 a\u00f1os empec\u00e9 a viajar por mi cuenta y desde entonces no he parado.<br>En moto o a pie, tanto en solitario como en compa\u00f1\u00eda, he viajado por m\u00e1s de 40 pa\u00edses.<\/p>\n","protected":false},"excerpt":{"rendered":"<p>Mis primeros recuerdos de viaje se remontan a mi ciudad natal, Barcelona, a la tierna edad de ocho a\u00f1os, en el viejo cochecito familiar con mis padres y mi hermano. La emoci\u00f3n de ver a mi madre preparando el equipaje, o a mi padre consultando mapas de carreteras la v\u00edspera de la salida. La emoci\u00f3n &hellip; <\/p>\n<p class=\"link-more\"><a href=\"https:\/\/www.carlesbrotons.com\/index.php\/una-seccion-de-la-pagina-de-inicio\/\" class=\"more-link\">Continuar leyendo<span class=\"screen-reader-text\"> &#8220;Sobre m\u00ed&#8221;<\/span><\/a><\/p>\n","protected":false},"author":1,"featured_media":115,"parent":0,"menu_order":0,"comment_status":"closed","ping_status":"closed","template":"","meta":[],"_links":{"self":[{"href":"https:\/\/www.carlesbrotons.com\/index.php\/wp-json\/wp\/v2\/pages\/12"}],"collection":[{"href":"https:\/\/www.carlesbrotons.com\/index.php\/wp-json\/wp\/v2\/pages"}],"about":[{"href":"https:\/\/www.carlesbrotons.com\/index.php\/wp-json\/wp\/v2\/types\/page"}],"author":[{"embeddable":true,"href":"https:\/\/www.carlesbrotons.com\/index.php\/wp-json\/wp\/v2\/users\/1"}],"replies":[{"embeddable":true,"href":"https:\/\/www.carlesbrotons.com\/index.php\/wp-json\/wp\/v2\/comments?post=12"}],"version-history":[{"count":5,"href":"https:\/\/www.carlesbrotons.com\/index.php\/wp-json\/wp\/v2\/pages\/12\/revisions"}],"predecessor-version":[{"id":142,"href":"https:\/\/www.carlesbrotons.com\/index.php\/wp-json\/wp\/v2\/pages\/12\/revisions\/142"}],"wp:featuredmedia":[{"embeddable":true,"href":"https:\/\/www.carlesbrotons.com\/index.php\/wp-json\/wp\/v2\/media\/115"}],"wp:attachment":[{"href":"https:\/\/www.carlesbrotons.com\/index.php\/wp-json\/wp\/v2\/media?parent=12"}],"curies":[{"name":"wp","href":"https:\/\/api.w.org\/{rel}","templated":true}]}}