{"id":30,"date":"2020-12-02T17:45:30","date_gmt":"2020-12-02T17:45:30","guid":{"rendered":"https:\/\/www.carlesbrotons.com\/?page_id=30"},"modified":"2021-05-14T17:40:25","modified_gmt":"2021-05-14T17:40:25","slug":"portfolio","status":"publish","type":"page","link":"https:\/\/www.carlesbrotons.com\/index.php\/portfolio\/","title":{"rendered":"Mis libros"},"content":{"rendered":"\n<div class=\"wp-block-columns\">\n<div class=\"wp-block-column\" style=\"flex-basis:100%\">\n<div class=\"wp-block-columns\">\n<div class=\"wp-block-column\">\n<div class=\"wp-block-image\"><figure class=\"alignleft size-large\"><img loading=\"lazy\" width=\"697\" height=\"1024\" src=\"https:\/\/www.carlesbrotons.com\/wp-content\/uploads\/2021\/05\/3BAF3EA1-4A87-4454-A3E3-812E21C32465-697x1024.png\" alt=\"\" class=\"wp-image-439\" srcset=\"https:\/\/www.carlesbrotons.com\/wp-content\/uploads\/2021\/05\/3BAF3EA1-4A87-4454-A3E3-812E21C32465-697x1024.png 697w, https:\/\/www.carlesbrotons.com\/wp-content\/uploads\/2021\/05\/3BAF3EA1-4A87-4454-A3E3-812E21C32465-204x300.png 204w, https:\/\/www.carlesbrotons.com\/wp-content\/uploads\/2021\/05\/3BAF3EA1-4A87-4454-A3E3-812E21C32465-768x1128.png 768w, https:\/\/www.carlesbrotons.com\/wp-content\/uploads\/2021\/05\/3BAF3EA1-4A87-4454-A3E3-812E21C32465-1046x1536.png 1046w, https:\/\/www.carlesbrotons.com\/wp-content\/uploads\/2021\/05\/3BAF3EA1-4A87-4454-A3E3-812E21C32465-1394x2048.png 1394w, https:\/\/www.carlesbrotons.com\/wp-content\/uploads\/2021\/05\/3BAF3EA1-4A87-4454-A3E3-812E21C32465.png 1890w\" sizes=\"(max-width: 697px) 100vw, 697px\" \/><\/figure><\/div>\n<\/div>\n\n\n\n<div class=\"wp-block-column\">\n<p>Lorem Ipsum es un sorprendente relato delimitado por las sugerentes pinceladas del realismo m\u00e1gico, trazado sobre una notable cr\u00edtica social y envuelto en una sutil capa de humor. La iglesia, la pol\u00edtica, la banca y las grandes contradicciones de la sociedad del siglo XXI son objeto de la mirada cr\u00edtica del autor, que nos hace reflexionar a trav\u00e9s de las peripecias de un &#8220;hombre-perro&#8221; en el papel de protagonista.<\/p>\n<\/div>\n<\/div>\n\n\n\n<div class=\"wp-block-buttons aligncenter\">\n<div class=\"wp-block-button\"><a class=\"wp-block-button__link\" href=\"https:\/\/www.amazon.es\/LOREM-IPSUM-Carles-Brotons-Junc\u00e0\/dp\/B08VVLQ2F8\/ref=sr_1_2?__mk_es_ES=\u00c5M\u00c5\u017d\u00d5\u00d1&amp;dchild=1&amp;keywords=lorem+ipsum&amp;qid=1612804746&amp;s=books&amp;sr=1-2\" target=\"_blank\" rel=\"noreferrer noopener\">\u00a1Cons\u00edguelo aqu\u00ed!<\/a><\/div>\n<\/div>\n\n\n\n<div class=\"wp-block-columns\">\n<div class=\"wp-block-column\" style=\"flex-basis:100%\">\n<div class=\"wp-block-columns\">\n<div class=\"wp-block-column\"><\/div>\n<\/div>\n<\/div>\n<\/div>\n<\/div>\n<\/div>\n\n\n\n<div class=\"wp-block-columns\">\n<div class=\"wp-block-column\">\n<figure class=\"wp-block-image size-large\"><img loading=\"lazy\" width=\"668\" height=\"960\" src=\"https:\/\/www.carlesbrotons.com\/wp-content\/uploads\/2020\/12\/IMG_4108.jpg\" alt=\"\" class=\"wp-image-73\" srcset=\"https:\/\/www.carlesbrotons.com\/wp-content\/uploads\/2020\/12\/IMG_4108.jpg 668w, https:\/\/www.carlesbrotons.com\/wp-content\/uploads\/2020\/12\/IMG_4108-209x300.jpg 209w\" sizes=\"(max-width: 668px) 100vw, 668px\" \/><\/figure>\n\n\n\n<p><\/p>\n<\/div>\n\n\n\n<div class=\"wp-block-column\">\n<p>Nueve aventuras en moto alrededor&nbsp;del globo. Con este libro recorrer\u00e1s&nbsp;sobre dos ruedas cuatro&nbsp;continentes. Vivir\u00e1s la famosa Man, la helada Elefantentreffen o un maravilloso viaje por Nepal. Desde la frontera m\u00e1s peligrosa del mundo a Chiapas. De la alegr\u00eda de Gambia hasta la obsesi\u00f3n por las fotocopias en la frontera entre El Salvador y Honduras. Estos relatos tambi\u00e9n van de recuperar lo perdido y disfrutar de lo cercano. Nueve viajes inolvidables que podr\u00e1s vivir en primera persona gracias a la prosa sencilla y clara de Carles Brotons. Si te gustaron Una semana de febrero y Viaje a Nepal, Dos ruedas y cuatro continentes te va a encantar. Nueve historias con las que viajar, disfrutar de las dos ruedas y vivir experiencias \u00fanicas. <br>\u00a1Dale gas, que nos vamos!<\/p>\n<\/div>\n<\/div>\n\n\n\n<div class=\"wp-block-buttons aligncenter\">\n<div class=\"wp-block-button\"><a class=\"wp-block-button__link\" href=\"mailto:carles.brotons@gmail.com\" target=\"_blank\" rel=\"noreferrer noopener\">\u00a1Cons\u00edguelo aqu\u00ed!<\/a><\/div>\n<\/div>\n\n\n\n<p><br><br><\/p>\n\n\n\n<div class=\"wp-block-columns\">\n<div class=\"wp-block-column\">\n<figure class=\"wp-block-image size-large\"><img loading=\"lazy\" width=\"704\" height=\"1024\" src=\"https:\/\/www.carlesbrotons.com\/wp-content\/uploads\/2020\/12\/816547F1-AFE7-4BE4-BEAC-60075DBA8304-704x1024.jpeg\" alt=\"\" class=\"wp-image-75\" srcset=\"https:\/\/www.carlesbrotons.com\/wp-content\/uploads\/2020\/12\/816547F1-AFE7-4BE4-BEAC-60075DBA8304-704x1024.jpeg 704w, https:\/\/www.carlesbrotons.com\/wp-content\/uploads\/2020\/12\/816547F1-AFE7-4BE4-BEAC-60075DBA8304-206x300.jpeg 206w, https:\/\/www.carlesbrotons.com\/wp-content\/uploads\/2020\/12\/816547F1-AFE7-4BE4-BEAC-60075DBA8304-768x1117.jpeg 768w, https:\/\/www.carlesbrotons.com\/wp-content\/uploads\/2020\/12\/816547F1-AFE7-4BE4-BEAC-60075DBA8304-1056x1536.jpeg 1056w, https:\/\/www.carlesbrotons.com\/wp-content\/uploads\/2020\/12\/816547F1-AFE7-4BE4-BEAC-60075DBA8304-1409x2048.jpeg 1409w, https:\/\/www.carlesbrotons.com\/wp-content\/uploads\/2020\/12\/816547F1-AFE7-4BE4-BEAC-60075DBA8304.jpeg 1705w\" sizes=\"(max-width: 704px) 100vw, 704px\" \/><\/figure>\n\n\n\n<p><\/p>\n<\/div>\n\n\n\n<div class=\"wp-block-column\">\n<p><br>En 1998, dos amigos emprenden un viaje casi inici\u00e1tico, para hacer lo que m\u00e1s les apasiona, monta\u00f1ismo. Nepal ser\u00e1 su destino. En este libro se acumulan experiencias que casi le cuestan la vida al protagonista. Un viaje impactante repleto de grandes descubrimientos. Tan real y sincero que el lector se sentir\u00e1 all\u00ed mismo, rodeado de sus gentes, su forma de vida, sus aromas, su comida y sus monta\u00f1as. Donde la vida y la muerte se tocan continuamente. En primera persona, con prosa sencilla y natural, as\u00ed est\u00e1 narrado este primer viaje a Nepal. Despu\u00e9s vendr\u00edan muchos m\u00e1s, pero eso ya es otra historia.<\/p>\n<\/div>\n<\/div>\n\n\n\n<div class=\"wp-block-buttons aligncenter\">\n<div class=\"wp-block-button\"><a class=\"wp-block-button__link\" href=\"https:\/\/www.amazon.es\/dp\/8409172534\/ref=cm_sw_r_wa_api_i_5SrZFb9N49HTZ\" target=\"_blank\" rel=\"noreferrer noopener\">\u00a1Cons\u00edguelo aqu\u00ed!<\/a><\/div>\n<\/div>\n\n\n\n<p><br><br><br><\/p>\n\n\n\n<div class=\"wp-block-columns\">\n<div class=\"wp-block-column\">\n<figure class=\"wp-block-image size-large\"><img loading=\"lazy\" width=\"704\" height=\"996\" src=\"https:\/\/www.carlesbrotons.com\/wp-content\/uploads\/2020\/12\/image0.jpeg\" alt=\"\" class=\"wp-image-78\" srcset=\"https:\/\/www.carlesbrotons.com\/wp-content\/uploads\/2020\/12\/image0.jpeg 704w, https:\/\/www.carlesbrotons.com\/wp-content\/uploads\/2020\/12\/image0-212x300.jpeg 212w\" sizes=\"(max-width: 704px) 100vw, 704px\" \/><\/figure>\n\n\n\n<p><\/p>\n<\/div>\n\n\n\n<div class=\"wp-block-column\">\n<p><br><br>Escrito junto a otros doce autoras y autores, tambi\u00e9n moteros. En \u00e9l se relatan los miedos e incertidumbres de la pandemia, desde la perspectiva del colectivo motorista. Tanto quienes hemos participado escribiendo como quienes lo han hecho ilustrando, lo hemos hecho de forma altruista, y todo lo recaudado por sus ventas se destina al Laboratorio de Coronavirus del Centro Nacional de Biotecnolog\u00eda, representado por el vir\u00f3logo del CSIC Luis Enjuanes S\u00e1nchez.<\/p>\n<\/div>\n<\/div>\n\n\n\n<div class=\"wp-block-buttons aligncenter\">\n<div class=\"wp-block-button\"><a class=\"wp-block-button__link\" href=\"mailto:carles.brotons@gmail.com\" target=\"_blank\" rel=\"noreferrer noopener\">\u00a1Cons\u00edguelo aqu\u00ed!<\/a><\/div>\n<\/div>\n\n\n\n<p><br><br><br><\/p>\n\n\n\n<div class=\"wp-block-columns\">\n<div class=\"wp-block-column\">\n<figure class=\"wp-block-image size-large is-resized\"><img loading=\"lazy\" src=\"https:\/\/www.carlesbrotons.com\/wp-content\/uploads\/2020\/12\/C7B76840-3D0B-4BB2-B474-7339E4438E2B_1_105_c.jpeg\" alt=\"\" class=\"wp-image-79\" width=\"266\" height=\"433\" srcset=\"https:\/\/www.carlesbrotons.com\/wp-content\/uploads\/2020\/12\/C7B76840-3D0B-4BB2-B474-7339E4438E2B_1_105_c.jpeg 574w, https:\/\/www.carlesbrotons.com\/wp-content\/uploads\/2020\/12\/C7B76840-3D0B-4BB2-B474-7339E4438E2B_1_105_c-185x300.jpeg 185w\" sizes=\"(max-width: 266px) 100vw, 266px\" \/><\/figure>\n\n\n\n<p><\/p>\n<\/div>\n\n\n\n<div class=\"wp-block-column\">\n<p><br><br><br>Un viaje a Bosnia en un convoy de ayuda humanitaria, durante una semana de un fr\u00edo mes de febrero, en las postrimer\u00edas de la guerra en la antigua Yugoslavia. Contado en primera persona de forma sencilla y directa por su protagonista, nos har\u00e1 sentir las vivencias y situaciones de peligro como si estuvi\u00e9ramos all\u00ed.<\/p>\n<\/div>\n<\/div>\n\n\n\n<div class=\"wp-block-buttons aligncenter\">\n<div class=\"wp-block-button\"><a class=\"wp-block-button__link\" href=\"https:\/\/www.amazon.es\/dp\/1651859310\/ref=cm_sw_r_wa_api_i_n7rZFb1PTXAAJ\" target=\"_blank\" rel=\"noreferrer noopener\">\u00a1Cons\u00edguelo aqu\u00ed!<\/a><\/div>\n<\/div>\n\n\n\n<p><\/p>\n\n\n\n<p><\/p>\n\n\n\n<p><\/p>\n\n\n\n<figure class=\"wp-block-image size-large is-resized\"><img loading=\"lazy\" src=\"https:\/\/www.carlesbrotons.com\/wp-content\/uploads\/2021\/01\/84CCEA3F-CDB8-4A2E-835A-58E0CBA6C14D_1_201_a.jpeg\" alt=\"\" class=\"wp-image-264\" width=\"284\" height=\"441\" srcset=\"https:\/\/www.carlesbrotons.com\/wp-content\/uploads\/2021\/01\/84CCEA3F-CDB8-4A2E-835A-58E0CBA6C14D_1_201_a.jpeg 469w, https:\/\/www.carlesbrotons.com\/wp-content\/uploads\/2021\/01\/84CCEA3F-CDB8-4A2E-835A-58E0CBA6C14D_1_201_a-193x300.jpeg 193w\" sizes=\"(max-width: 284px) 100vw, 284px\" \/><\/figure>\n\n\n\n<div class=\"wp-block-buttons aligncenter\">\n<div class=\"wp-block-button is-style-fill\"><a class=\"wp-block-button__link\" href=\"https:\/\/www.amazon.com\/dp\/B08TW11Z6D?\" target=\"_blank\" rel=\"noreferrer noopener\">\u00a1Cons\u00edguelo aqu\u00ed!<\/a><\/div>\n<\/div>\n\n\n\n<p><\/p>\n","protected":false},"excerpt":{"rendered":"<p>Nueve aventuras en moto alrededor&nbsp;del globo. Con este libro recorrer\u00e1s&nbsp;sobre dos ruedas cuatro&nbsp;continentes. Vivir\u00e1s la famosa Man, la helada Elefantentreffen o un maravilloso viaje por Nepal. Desde la frontera m\u00e1s peligrosa del mundo a Chiapas. De la alegr\u00eda de Gambia hasta la obsesi\u00f3n por las fotocopias en la frontera entre El Salvador y Honduras. Estos &hellip; <\/p>\n<p class=\"link-more\"><a href=\"https:\/\/www.carlesbrotons.com\/index.php\/portfolio\/\" class=\"more-link\">Continuar leyendo<span class=\"screen-reader-text\"> &#8220;Mis libros&#8221;<\/span><\/a><\/p>\n","protected":false},"author":1,"featured_media":0,"parent":0,"menu_order":0,"comment_status":"closed","ping_status":"closed","template":"","meta":[],"_links":{"self":[{"href":"https:\/\/www.carlesbrotons.com\/index.php\/wp-json\/wp\/v2\/pages\/30"}],"collection":[{"href":"https:\/\/www.carlesbrotons.com\/index.php\/wp-json\/wp\/v2\/pages"}],"about":[{"href":"https:\/\/www.carlesbrotons.com\/index.php\/wp-json\/wp\/v2\/types\/page"}],"author":[{"embeddable":true,"href":"https:\/\/www.carlesbrotons.com\/index.php\/wp-json\/wp\/v2\/users\/1"}],"replies":[{"embeddable":true,"href":"https:\/\/www.carlesbrotons.com\/index.php\/wp-json\/wp\/v2\/comments?post=30"}],"version-history":[{"count":16,"href":"https:\/\/www.carlesbrotons.com\/index.php\/wp-json\/wp\/v2\/pages\/30\/revisions"}],"predecessor-version":[{"id":441,"href":"https:\/\/www.carlesbrotons.com\/index.php\/wp-json\/wp\/v2\/pages\/30\/revisions\/441"}],"wp:attachment":[{"href":"https:\/\/www.carlesbrotons.com\/index.php\/wp-json\/wp\/v2\/media?parent=30"}],"curies":[{"name":"wp","href":"https:\/\/api.w.org\/{rel}","templated":true}]}}