{"id":510,"date":"2022-09-29T14:28:33","date_gmt":"2022-09-29T14:28:33","guid":{"rendered":"https:\/\/www.carlesbrotons.com\/?page_id=510"},"modified":"2022-09-29T14:28:33","modified_gmt":"2022-09-29T14:28:33","slug":"asesorias","status":"publish","type":"page","link":"https:\/\/www.carlesbrotons.com\/index.php\/asesorias\/","title":{"rendered":"Asesor\u00edas"},"content":{"rendered":"\n<p>\u00bfTienes un proyecto literario, una idea que quisieras plasmar por escrito o simplemente te gustar\u00eda profundizar en la escritura? Te puedo ayudar.<\/p>\n\n\n\n<h2><strong>Libro a demanda o por encargo<\/strong><\/h2>\n\n\n\n<p>Se trata de desarrollar un contenido o incluso generarlo, sobre cualquier tema en el que el cliente tiene inter\u00e9s. Partiendo de un m\u00ednimo escrito, o incluso de una idea, yo me encargo de todo el proceso creativo, con la supervisi\u00f3n final del cliente. Dirigido a empresas y particulares que no disponen de tiempo y buscan un resultado final sin intervenci\u00f3n por su parte.<\/p>\n\n\n\n<h2><strong>Mentor\u00eda de escritura<\/strong><\/h2>\n\n\n\n<p>Se trata de guiar y ayudar a que el autor desarrolle su propio texto, adquiriendo as\u00ed unos conocimientos que le pueden servir para futuras obras. La metodolog\u00eda que utilizo, se basa en que el autor me env\u00eda por correo electr\u00f3nico cap\u00edtulos o fragmentos del texto, escrito en formato Word, fuente Times New Roman, 12 puntos a doble espacio, y yo se lo devuelvo con las sugerencias o modificaciones en texto rojo y sombreado amarillo. La idea es ir trabajando tu texto mientras lo vas escribiendo, para analizarlo y ver qu\u00e9 se puede mejorar en el proceso, siempre sin desvirtuar el sentido y la \u201cvoz\u201d que t\u00fa le quieras dar, esto es: el sello, la impronta propia de cada autor.&nbsp;<\/p>\n\n\n\n<p>En ambos casos la comunicaci\u00f3n entre el tutor y el autor es fundamental, para ello se realizar\u00e1n reuniones, que pueden ser presenciales o a distancia, v\u00eda internet (Zoom, Skype, Facetime, etc.)<\/p>\n\n\n\n<p>Tambi\u00e9n en ambos casos es muy importante tener previamente una reuni\u00f3n estructural, presencial o a distancia, b\u00e1sica para conocer a fondo al autor y su obra antes de iniciar el proceso y poder enfocar la revisi\u00f3n y edici\u00f3n desde los objetivos, tono y estilo del autor. Esta sesi\u00f3n de coach es fundamental para comenzar a editar el libro con una base consistente y garantizar que se va a contar la historia de la mejor manera posible.<\/p>\n","protected":false},"excerpt":{"rendered":"<p>\u00bfTienes un proyecto literario, una idea que quisieras plasmar por escrito o simplemente te gustar\u00eda profundizar en la escritura? Te puedo ayudar. Libro a demanda o por encargo Se trata de desarrollar un contenido o incluso generarlo, sobre cualquier tema en el que el cliente tiene inter\u00e9s. Partiendo de un m\u00ednimo escrito, o incluso de &hellip; <\/p>\n<p class=\"link-more\"><a href=\"https:\/\/www.carlesbrotons.com\/index.php\/asesorias\/\" class=\"more-link\">Continuar leyendo<span class=\"screen-reader-text\"> &#8220;Asesor\u00edas&#8221;<\/span><\/a><\/p>\n","protected":false},"author":1,"featured_media":0,"parent":0,"menu_order":0,"comment_status":"closed","ping_status":"closed","template":"","meta":[],"_links":{"self":[{"href":"https:\/\/www.carlesbrotons.com\/index.php\/wp-json\/wp\/v2\/pages\/510"}],"collection":[{"href":"https:\/\/www.carlesbrotons.com\/index.php\/wp-json\/wp\/v2\/pages"}],"about":[{"href":"https:\/\/www.carlesbrotons.com\/index.php\/wp-json\/wp\/v2\/types\/page"}],"author":[{"embeddable":true,"href":"https:\/\/www.carlesbrotons.com\/index.php\/wp-json\/wp\/v2\/users\/1"}],"replies":[{"embeddable":true,"href":"https:\/\/www.carlesbrotons.com\/index.php\/wp-json\/wp\/v2\/comments?post=510"}],"version-history":[{"count":1,"href":"https:\/\/www.carlesbrotons.com\/index.php\/wp-json\/wp\/v2\/pages\/510\/revisions"}],"predecessor-version":[{"id":511,"href":"https:\/\/www.carlesbrotons.com\/index.php\/wp-json\/wp\/v2\/pages\/510\/revisions\/511"}],"wp:attachment":[{"href":"https:\/\/www.carlesbrotons.com\/index.php\/wp-json\/wp\/v2\/media?parent=510"}],"curies":[{"name":"wp","href":"https:\/\/api.w.org\/{rel}","templated":true}]}}