{"id":8,"date":"2020-12-02T17:42:59","date_gmt":"2020-12-02T17:42:59","guid":{"rendered":"https:\/\/www.carlesbrotons.com\/?page_id=8"},"modified":"2020-12-09T13:48:56","modified_gmt":"2020-12-09T13:48:56","slug":"inicio","status":"publish","type":"page","link":"https:\/\/www.carlesbrotons.com\/","title":{"rendered":"Inicio"},"content":{"rendered":"\n<p>Desde siempre me ha apasionado la lectura, la escritura y todo lo relacionado con los libros y la literatura en general. Los relatos de grandes viajeros que le\u00eda con ansia en mi juventud, la novela negra o de ciencia ficci\u00f3n, el ensayo y la narrativa, devoro todo lo que cae en mis manos, incluso en ocasiones dos o tres libros al mismo tiempo.<br>Aunque tengo la sensaci\u00f3n de que he escrito toda mi vida, como escritor que se muestra en p\u00fablico he sido m\u00e1s bien tard\u00edo, mi primer libro pas\u00f3 m\u00e1s de 20 a\u00f1os en un caj\u00f3n, antes de ver la luz.<br>Me gusta escribir sobre mis experiencias personales viajando, pero tras la publicaci\u00f3n de varios t\u00edtulos sobre esta tem\u00e1tica, actualmente estoy muy motivado en escribir f\u00e1bula y novela.<\/p>\n","protected":false},"excerpt":{"rendered":"<p>Desde siempre me ha apasionado la lectura, la escritura y todo lo relacionado con los libros y la literatura en general. Los relatos de grandes viajeros que le\u00eda con ansia en mi juventud, la novela negra o de ciencia ficci\u00f3n, el ensayo y la narrativa, devoro todo lo que cae en mis manos, incluso en &hellip; <\/p>\n<p class=\"link-more\"><a href=\"https:\/\/www.carlesbrotons.com\/\" class=\"more-link\">Continuar leyendo<span class=\"screen-reader-text\"> &#8220;Inicio&#8221;<\/span><\/a><\/p>\n","protected":false},"author":1,"featured_media":51,"parent":0,"menu_order":0,"comment_status":"closed","ping_status":"closed","template":"","meta":[],"_links":{"self":[{"href":"https:\/\/www.carlesbrotons.com\/index.php\/wp-json\/wp\/v2\/pages\/8"}],"collection":[{"href":"https:\/\/www.carlesbrotons.com\/index.php\/wp-json\/wp\/v2\/pages"}],"about":[{"href":"https:\/\/www.carlesbrotons.com\/index.php\/wp-json\/wp\/v2\/types\/page"}],"author":[{"embeddable":true,"href":"https:\/\/www.carlesbrotons.com\/index.php\/wp-json\/wp\/v2\/users\/1"}],"replies":[{"embeddable":true,"href":"https:\/\/www.carlesbrotons.com\/index.php\/wp-json\/wp\/v2\/comments?post=8"}],"version-history":[{"count":4,"href":"https:\/\/www.carlesbrotons.com\/index.php\/wp-json\/wp\/v2\/pages\/8\/revisions"}],"predecessor-version":[{"id":150,"href":"https:\/\/www.carlesbrotons.com\/index.php\/wp-json\/wp\/v2\/pages\/8\/revisions\/150"}],"wp:featuredmedia":[{"embeddable":true,"href":"https:\/\/www.carlesbrotons.com\/index.php\/wp-json\/wp\/v2\/media\/51"}],"wp:attachment":[{"href":"https:\/\/www.carlesbrotons.com\/index.php\/wp-json\/wp\/v2\/media?parent=8"}],"curies":[{"name":"wp","href":"https:\/\/api.w.org\/{rel}","templated":true}]}}